{"id":2320,"date":"2020-08-19T16:08:38","date_gmt":"2020-08-19T16:08:38","guid":{"rendered":"https:\/\/stronganswer.pt\/?page_id=4"},"modified":"2023-11-28T17:09:26","modified_gmt":"2023-11-28T17:09:26","slug":"accountant-home","status":"publish","type":"page","link":"https:\/\/strong-answer.com\/en\/","title":{"rendered":"Strong Answer"},"content":{"rendered":"<div class=\"fusion-fullwidth fullwidth-box fusion-builder-row-1 fusion-flex-container nonhundred-percent-fullwidth non-hundred-percent-height-scrolling\" style=\"--awb-border-radius-top-left:0px;--awb-border-radius-top-right:0px;--awb-border-radius-bottom-right:0px;--awb-border-radius-bottom-left:0px;--awb-padding-top:0px;--awb-padding-bottom:48px;--awb-padding-top-medium:80px;--awb-padding-top-small:60px;--awb-padding-bottom-small:20px;--awb-flex-wrap:wrap;\" ><div class=\"fusion-builder-row fusion-row fusion-flex-align-items-stretch fusion-flex-content-wrap\" style=\"max-width:1310.4px;margin-left: calc(-4% \/ 2 );margin-right: calc(-4% \/ 2 );\"><div class=\"fusion-layout-column fusion_builder_column fusion-builder-column-0 fusion_builder_column_1_2 1_2 fusion-flex-column\" style=\"--awb-bg-position:center top;--awb-bg-size:cover;--awb-width-large:50%;--awb-margin-top-large:10px;--awb-spacing-right-large:3.84%;--awb-margin-bottom-large:10px;--awb-spacing-left-large:3.84%;--awb-width-medium:50%;--awb-order-medium:0;--awb-spacing-right-medium:3.84%;--awb-spacing-left-medium:3.84%;--awb-width-small:100%;--awb-order-small:0;--awb-spacing-right-small:1.92%;--awb-spacing-left-small:1.92%;\"><div class=\"fusion-column-wrapper fusion-column-has-shadow fusion-flex-justify-content-flex-start fusion-content-layout-column\"><div class=\"fusion-image-element\" style=\"--awb-caption-title-font-family:var(--h2_typography-font-family);--awb-caption-title-font-weight:var(--h2_typography-font-weight);--awb-caption-title-font-style:var(--h2_typography-font-style);--awb-caption-title-size:var(--h2_typography-font-size);--awb-caption-title-transform:var(--h2_typography-text-transform);--awb-caption-title-line-height:var(--h2_typography-line-height);--awb-caption-title-letter-spacing:var(--h2_typography-letter-spacing);\"><span class=\"fusion-imageframe imageframe-none imageframe-1 hover-type-none\" style=\"border-radius:12px;\"><img decoding=\"async\" width=\"1000\" height=\"1499\" title=\"strong-answer-solution\" src=\"https:\/\/strong-answer.com\/wp-content\/uploads\/2023\/08\/strong-answer-solucao.png\" data-orig-src=\"https:\/\/strong-answer.com\/wp-content\/uploads\/2023\/08\/strong-answer-solucao.png\" alt class=\"lazyload img-responsive wp-image-3556\" srcset=\"data:image\/svg+xml,%3Csvg%20xmlns%3D%27http%3A%2F%2Fwww.w3.org%2F2000%2Fsvg%27%20width%3D%271000%27%20height%3D%271499%27%20viewBox%3D%270%200%201000%201499%27%3E%3Crect%20width%3D%271000%27%20height%3D%271499%27%20fill-opacity%3D%220%22%2F%3E%3C%2Fsvg%3E\" data-srcset=\"https:\/\/strong-answer.com\/wp-content\/uploads\/2023\/08\/strong-answer-solucao-200x300.png 200w, https:\/\/strong-answer.com\/wp-content\/uploads\/2023\/08\/strong-answer-solucao-400x600.png 400w, https:\/\/strong-answer.com\/wp-content\/uploads\/2023\/08\/strong-answer-solucao-600x899.png 600w, https:\/\/strong-answer.com\/wp-content\/uploads\/2023\/08\/strong-answer-solucao-800x1199.png 800w, https:\/\/strong-answer.com\/wp-content\/uploads\/2023\/08\/strong-answer-solucao.png 1000w\" data-sizes=\"auto\" data-orig-sizes=\"(max-width: 640px) 100vw, 600px\" \/><\/span><\/div><\/div><\/div><div class=\"fusion-layout-column fusion_builder_column fusion-builder-column-1 fusion_builder_column_1_2 1_2 fusion-flex-column\" style=\"--awb-bg-size:cover;--awb-width-large:50%;--awb-margin-top-large:20px;--awb-spacing-right-large:15.36%;--awb-margin-bottom-large:20px;--awb-spacing-left-large:11.52%;--awb-width-medium:50%;--awb-order-medium:0;--awb-spacing-right-medium:15.36%;--awb-spacing-left-medium:11.52%;--awb-width-small:100%;--awb-order-small:0;--awb-spacing-right-small:1.92%;--awb-margin-bottom-small:0px;--awb-spacing-left-small:1.92%;\"><div class=\"fusion-column-wrapper fusion-column-has-shadow fusion-flex-justify-content-center fusion-content-layout-column\"><div class=\"fusion-title title fusion-title-1 fusion-sep-none fusion-title-text fusion-title-size-two\" style=\"--awb-text-color:var(--awb-color7);--awb-margin-top:0px;--awb-margin-bottom:16px;--awb-margin-top-small:10px;--awb-margin-right-small:0px;--awb-margin-bottom-small:20px;--awb-margin-left-small:0px;\"><h2 class=\"fusion-title-heading title-heading-left fusion-responsive-typography-calculated\" style=\"margin:0;--fontSize:48;line-height:1.2;\">IT Support<\/h2><\/div><div class=\"fusion-title title fusion-title-2 fusion-sep-none fusion-title-text fusion-title-size-three\" style=\"--awb-margin-top:0px;--awb-margin-top-small:10px;--awb-margin-right-small:0px;--awb-margin-bottom-small:20px;--awb-margin-left-small:0px;\"><h3 class=\"fusion-title-heading title-heading-left fusion-responsive-typography-calculated\" style=\"margin:0;--fontSize:36;line-height:1.3;\">Computer Security: guaranteed protection, always available assistance!<span style=\"color: var(--awb-color7);\">.<\/span><\/h3><\/div><div class=\"fusion-text fusion-text-1\"><p>Invest in your peace of mind and save money! Hiring our IT company for telephone, remote, and on-site assistance not only ensures comprehensive support but also represents a smart long-term saving. Be assured that you will be protected and saving money at the same time!<\/p>\n<\/div><\/div><\/div><div class=\"fusion-layout-column fusion_builder_column fusion-builder-column-2 fusion_builder_column_1_2 1_2 fusion-flex-column\" style=\"--awb-bg-size:cover;--awb-width-large:50%;--awb-margin-top-large:20px;--awb-spacing-right-large:3.84%;--awb-margin-bottom-large:20px;--awb-spacing-left-large:3.84%;--awb-width-medium:50%;--awb-order-medium:0;--awb-spacing-right-medium:3.84%;--awb-spacing-left-medium:3.84%;--awb-width-small:100%;--awb-order-small:0;--awb-spacing-right-small:1.92%;--awb-spacing-left-small:1.92%;\"><div class=\"fusion-column-wrapper fusion-column-has-shadow fusion-flex-justify-content-flex-start fusion-content-layout-column\"><ul style=\"--awb-iconcolor:var(--awb-color7);--awb-line-height:30.6px;--awb-icon-width:30.6px;--awb-icon-height:30.6px;--awb-icon-margin:12.6px;--awb-content-margin:43.2px;\" class=\"fusion-checklist fusion-checklist-1 fusion-checklist-default type-icons\"><li class=\"fusion-li-item\" style=\"\"><span class=\"icon-wrapper circle-no\"><i class=\"fusion-li-icon fa-check-circle fas\" aria-hidden=\"true\"><\/i><\/span><div class=\"fusion-li-item-content\">\n<h2>24\/7 Support<\/h2>\n<\/div><\/li><li class=\"fusion-li-item\" style=\"\"><span class=\"icon-wrapper circle-no\"><i class=\"fusion-li-icon fa-check-circle fas\" aria-hidden=\"true\"><\/i><\/span><div class=\"fusion-li-item-content\">\n<h2>Qualified Assistance<\/h2>\n<\/div><\/li><\/ul><\/div><\/div><div class=\"fusion-layout-column fusion_builder_column fusion-builder-column-3 fusion_builder_column_1_2 1_2 fusion-flex-column\" style=\"--awb-bg-size:cover;--awb-width-large:50%;--awb-margin-top-large:20px;--awb-spacing-right-large:3.84%;--awb-margin-bottom-large:20px;--awb-spacing-left-large:3.84%;--awb-width-medium:50%;--awb-order-medium:0;--awb-spacing-right-medium:3.84%;--awb-spacing-left-medium:3.84%;--awb-width-small:100%;--awb-order-small:0;--awb-spacing-right-small:1.92%;--awb-spacing-left-small:1.92%;\"><div class=\"fusion-column-wrapper fusion-column-has-shadow fusion-flex-justify-content-flex-start fusion-content-layout-column\"><ul style=\"--awb-iconcolor:var(--awb-color7);--awb-line-height:30.6px;--awb-icon-width:30.6px;--awb-icon-height:30.6px;--awb-icon-margin:12.6px;--awb-content-margin:43.2px;\" class=\"fusion-checklist fusion-checklist-2 fusion-checklist-default type-icons\"><li class=\"fusion-li-item\" style=\"\"><span class=\"icon-wrapper circle-no\"><i class=\"fusion-li-icon fa-check-circle fas\" aria-hidden=\"true\"><\/i><\/span><div class=\"fusion-li-item-content\">\n<h2>Preventive Action<\/h2>\n<\/div><\/li><li class=\"fusion-li-item\" style=\"\"><span class=\"icon-wrapper circle-no\"><i class=\"fusion-li-icon fa-check-circle fas\" aria-hidden=\"true\"><\/i><\/span><div class=\"fusion-li-item-content\">\n<h2>Remote and On-site Assistance<\/h2>\n<\/div><\/li><\/ul><\/div><\/div><\/div><\/div>\n<!--CusAds0-->\n<div style=\"font-size: 0px; height: 0px; line-height: 0px; margin: 0; padding: 0; clear: both;\"><\/div>","protected":false},"excerpt":{"rendered":"","protected":false},"author":1,"featured_media":0,"parent":0,"menu_order":0,"comment_status":"closed","ping_status":"closed","template":"100-width.php","meta":{"footnotes":""},"class_list":["post-2320","page","type-page","status-publish","hentry"],"yoast_head":"<!-- This site is optimized with the Yoast SEO plugin v27.4 - https:\/\/yoast.com\/product\/yoast-seo-wordpress\/ -->\n<title>Strong Answer - Empresa Inform\u00e1tica Algarve<\/title>\n<meta name=\"description\" content=\"Mostramos que grandes empresas podem surgir em qualquer lugar, at\u00e9 mesmo num para\u00edso \u00e0 beira-mar. Empresa Inform\u00e1tica no Algarve\" \/>\n<meta name=\"robots\" content=\"index, follow, max-snippet:-1, max-image-preview:large, max-video-preview:-1\" \/>\n<link rel=\"canonical\" href=\"https:\/\/strong-answer.com\/en\/\" \/>\n<meta property=\"og:locale\" content=\"en_GB\" \/>\n<meta property=\"og:type\" content=\"article\" \/>\n<meta property=\"og:title\" content=\"Strong Answer - Empresa Inform\u00e1tica Algarve\" \/>\n<meta property=\"og:description\" content=\"Mostramos que grandes empresas podem surgir em qualquer lugar, at\u00e9 mesmo num para\u00edso \u00e0 beira-mar. Empresa Inform\u00e1tica no Algarve\" \/>\n<meta property=\"og:url\" content=\"https:\/\/strong-answer.com\/en\/\" \/>\n<meta property=\"og:site_name\" content=\"Strong Answer\" \/>\n<meta property=\"article:publisher\" content=\"https:\/\/www.facebook.com\/stronganswer\" \/>\n<meta property=\"article:modified_time\" content=\"2023-11-28T17:09:26+00:00\" \/>\n<meta property=\"og:image\" content=\"https:\/\/strong-answer.com\/wp-content\/uploads\/2024\/02\/stronganswer_green.png\" \/>\n\t<meta property=\"og:image:width\" content=\"2664\" \/>\n\t<meta property=\"og:image:height\" content=\"949\" \/>\n\t<meta property=\"og:image:type\" content=\"image\/png\" \/>\n<meta name=\"twitter:card\" content=\"summary_large_image\" \/>\n<meta name=\"twitter:site\" content=\"@stronganswer\" \/>\n<meta name=\"twitter:label1\" content=\"Estimated reading time\" \/>\n\t<meta name=\"twitter:data1\" content=\"8 minutes\" \/>\n<script type=\"application\/ld+json\" class=\"yoast-schema-graph\">{\"@context\":\"https:\\\/\\\/schema.org\",\"@graph\":[{\"@type\":\"WebPage\",\"@id\":\"https:\\\/\\\/strong-answer.com\\\/\",\"url\":\"https:\\\/\\\/strong-answer.com\\\/\",\"name\":\"Strong Answer - Empresa Inform\u00e1tica Algarve\",\"isPartOf\":{\"@id\":\"https:\\\/\\\/strong-answer.com\\\/#website\"},\"datePublished\":\"2020-08-19T16:08:38+00:00\",\"dateModified\":\"2023-11-28T17:09:26+00:00\",\"description\":\"Mostramos que grandes empresas podem surgir em qualquer lugar, at\u00e9 mesmo num para\u00edso \u00e0 beira-mar. Empresa Inform\u00e1tica no Algarve\",\"breadcrumb\":{\"@id\":\"https:\\\/\\\/strong-answer.com\\\/#breadcrumb\"},\"inLanguage\":\"en-GB\",\"potentialAction\":[{\"@type\":\"ReadAction\",\"target\":[\"https:\\\/\\\/strong-answer.com\\\/\"]}]},{\"@type\":\"BreadcrumbList\",\"@id\":\"https:\\\/\\\/strong-answer.com\\\/#breadcrumb\",\"itemListElement\":[{\"@type\":\"ListItem\",\"position\":1,\"name\":\"In\u00edcio\",\"item\":\"https:\\\/\\\/strong-answer.com\\\/\"},{\"@type\":\"ListItem\",\"position\":2,\"name\":\"Strong Answer\"}]},{\"@type\":\"WebSite\",\"@id\":\"https:\\\/\\\/strong-answer.com\\\/#website\",\"url\":\"https:\\\/\\\/strong-answer.com\\\/\",\"name\":\"Strong Answer\",\"description\":\"Solu\u00e7\u00f5es para um Mundo em movimento\",\"publisher\":{\"@id\":\"https:\\\/\\\/strong-answer.com\\\/#organization\"},\"potentialAction\":[{\"@type\":\"SearchAction\",\"target\":{\"@type\":\"EntryPoint\",\"urlTemplate\":\"https:\\\/\\\/strong-answer.com\\\/?s={search_term_string}\"},\"query-input\":{\"@type\":\"PropertyValueSpecification\",\"valueRequired\":true,\"valueName\":\"search_term_string\"}}],\"inLanguage\":\"en-GB\"},{\"@type\":\"Organization\",\"@id\":\"https:\\\/\\\/strong-answer.com\\\/#organization\",\"name\":\"Strong Answer\",\"url\":\"https:\\\/\\\/strong-answer.com\\\/\",\"logo\":{\"@type\":\"ImageObject\",\"inLanguage\":\"en-GB\",\"@id\":\"https:\\\/\\\/strong-answer.com\\\/#\\\/schema\\\/logo\\\/image\\\/\",\"url\":\"https:\\\/\\\/strong-answer.com\\\/wp-content\\\/uploads\\\/2023\\\/06\\\/stronganswer_green.png\",\"contentUrl\":\"https:\\\/\\\/strong-answer.com\\\/wp-content\\\/uploads\\\/2023\\\/06\\\/stronganswer_green.png\",\"width\":2664,\"height\":949,\"caption\":\"Strong Answer\"},\"image\":{\"@id\":\"https:\\\/\\\/strong-answer.com\\\/#\\\/schema\\\/logo\\\/image\\\/\"},\"sameAs\":[\"https:\\\/\\\/www.facebook.com\\\/stronganswer\",\"https:\\\/\\\/x.com\\\/stronganswer\",\"https:\\\/\\\/pt.linkedin.com\\\/company\\\/strong-answer\",\"https:\\\/\\\/www.instagram.com\\\/strong.answer\\\/\"]}]}<\/script>\n<!-- \/ Yoast SEO plugin. -->","yoast_head_json":{"title":"Strong Answer - Algarve IT Company","description":"We show that great companies can spring up anywhere, even in a seaside paradise. IT company in the Algarve","robots":{"index":"index","follow":"follow","max-snippet":"max-snippet:-1","max-image-preview":"max-image-preview:large","max-video-preview":"max-video-preview:-1"},"canonical":"https:\/\/strong-answer.com\/en\/","og_locale":"en_GB","og_type":"article","og_title":"Strong Answer - Empresa Inform\u00e1tica Algarve","og_description":"Mostramos que grandes empresas podem surgir em qualquer lugar, at\u00e9 mesmo num para\u00edso \u00e0 beira-mar. Empresa Inform\u00e1tica no Algarve","og_url":"https:\/\/strong-answer.com\/en\/","og_site_name":"Strong Answer","article_publisher":"https:\/\/www.facebook.com\/stronganswer","article_modified_time":"2023-11-28T17:09:26+00:00","og_image":[{"width":2664,"height":949,"url":"https:\/\/strong-answer.com\/wp-content\/uploads\/2024\/02\/stronganswer_green.png","type":"image\/png"}],"twitter_card":"summary_large_image","twitter_site":"@stronganswer","twitter_misc":{"Estimated reading time":"8 minutes"},"schema":{"@context":"https:\/\/schema.org","@graph":[{"@type":"WebPage","@id":"https:\/\/strong-answer.com\/","url":"https:\/\/strong-answer.com\/","name":"Strong Answer - Algarve IT Company","isPartOf":{"@id":"https:\/\/strong-answer.com\/#website"},"datePublished":"2020-08-19T16:08:38+00:00","dateModified":"2023-11-28T17:09:26+00:00","description":"We show that great companies can spring up anywhere, even in a seaside paradise. IT company in the Algarve","breadcrumb":{"@id":"https:\/\/strong-answer.com\/#breadcrumb"},"inLanguage":"en-GB","potentialAction":[{"@type":"ReadAction","target":["https:\/\/strong-answer.com\/"]}]},{"@type":"BreadcrumbList","@id":"https:\/\/strong-answer.com\/#breadcrumb","itemListElement":[{"@type":"ListItem","position":1,"name":"In\u00edcio","item":"https:\/\/strong-answer.com\/"},{"@type":"ListItem","position":2,"name":"Strong Answer"}]},{"@type":"WebSite","@id":"https:\/\/strong-answer.com\/#website","url":"https:\/\/strong-answer.com\/","name":"Strong Answer","description":"Solutions for a world on the move","publisher":{"@id":"https:\/\/strong-answer.com\/#organization"},"potentialAction":[{"@type":"SearchAction","target":{"@type":"EntryPoint","urlTemplate":"https:\/\/strong-answer.com\/?s={search_term_string}"},"query-input":{"@type":"PropertyValueSpecification","valueRequired":true,"valueName":"search_term_string"}}],"inLanguage":"en-GB"},{"@type":"Organization","@id":"https:\/\/strong-answer.com\/#organization","name":"Strong Answer","url":"https:\/\/strong-answer.com\/","logo":{"@type":"ImageObject","inLanguage":"en-GB","@id":"https:\/\/strong-answer.com\/#\/schema\/logo\/image\/","url":"https:\/\/strong-answer.com\/wp-content\/uploads\/2023\/06\/stronganswer_green.png","contentUrl":"https:\/\/strong-answer.com\/wp-content\/uploads\/2023\/06\/stronganswer_green.png","width":2664,"height":949,"caption":"Strong Answer"},"image":{"@id":"https:\/\/strong-answer.com\/#\/schema\/logo\/image\/"},"sameAs":["https:\/\/www.facebook.com\/stronganswer","https:\/\/x.com\/stronganswer","https:\/\/pt.linkedin.com\/company\/strong-answer","https:\/\/www.instagram.com\/strong.answer\/"]}]}},"_links":{"self":[{"href":"https:\/\/strong-answer.com\/en\/wp-json\/wp\/v2\/pages\/2320","targetHints":{"allow":["GET"]}}],"collection":[{"href":"https:\/\/strong-answer.com\/en\/wp-json\/wp\/v2\/pages"}],"about":[{"href":"https:\/\/strong-answer.com\/en\/wp-json\/wp\/v2\/types\/page"}],"author":[{"embeddable":true,"href":"https:\/\/strong-answer.com\/en\/wp-json\/wp\/v2\/users\/1"}],"replies":[{"embeddable":true,"href":"https:\/\/strong-answer.com\/en\/wp-json\/wp\/v2\/comments?post=2320"}],"version-history":[{"count":103,"href":"https:\/\/strong-answer.com\/en\/wp-json\/wp\/v2\/pages\/2320\/revisions"}],"predecessor-version":[{"id":4505,"href":"https:\/\/strong-answer.com\/en\/wp-json\/wp\/v2\/pages\/2320\/revisions\/4505"}],"wp:attachment":[{"href":"https:\/\/strong-answer.com\/en\/wp-json\/wp\/v2\/media?parent=2320"}],"curies":[{"name":"wp","href":"https:\/\/api.w.org\/{rel}","templated":true}]}}